{"id":4122,"date":"2024-08-01T13:00:05","date_gmt":"2024-08-01T11:00:05","guid":{"rendered":"https:\/\/ultimaspiaggia.com\/penultima\/"},"modified":"2025-08-05T14:41:02","modified_gmt":"2025-08-05T12:41:02","slug":"penultima","status":"publish","type":"page","link":"https:\/\/ultimaspiaggia.com\/en\/penultima\/","title":{"rendered":"Penultima"},"content":{"rendered":"\t\t<div data-elementor-type=\"wp-page\" data-elementor-id=\"4122\" class=\"elementor elementor-4122 elementor-17\" data-elementor-post-type=\"page\">\n\t\t\t\t<div class=\"elementor-element elementor-element-ae9b7e5 e-flex e-con-boxed e-con e-parent\" data-id=\"ae9b7e5\" data-element_type=\"container\">\n\t\t\t\t\t<div class=\"e-con-inner\">\n\t\t\t\t<div class=\"elementor-element elementor-element-3f4dd61 animated-fast elementor-invisible elementor-widget elementor-widget-heading\" data-id=\"3f4dd61\" data-element_type=\"widget\" data-settings=\"{&quot;_animation&quot;:&quot;fadeInUp&quot;}\" data-widget_type=\"heading.default\">\n\t\t\t\t<div class=\"elementor-widget-container\">\n\t\t\t\t\t<h1 class=\"elementor-heading-title elementor-size-default\">Enjoying a free beach with the services of Ultimaspiaggia<\/h1>\t\t\t\t<\/div>\n\t\t\t\t<\/div>\n\t\t\t\t<div class=\"elementor-element elementor-element-5b15a59 animated-fast elementor-invisible elementor-widget elementor-widget-text-editor\" data-id=\"5b15a59\" data-element_type=\"widget\" data-settings=\"{&quot;_animation&quot;:&quot;fadeInUp&quot;}\" data-widget_type=\"text-editor.default\">\n\t\t\t\t<div class=\"elementor-widget-container\">\n\t\t\t\t\t\t\t\t\t<p>Spending a day at the beach enjoying freedom but also the same care as at Ultima. This is possible at Penultima, a free but equipped beach.<\/p>\n<p>Penultima provides daily rental of beach umbrellas and sunbeds, which are positioned by our staff in such a way to ensure a relaxed atmosphere in an informal setting.<\/p>\n<p>To fully meet the needs of our clients, in 2006 we opened the La Penultima caf\u00e9, the ideal place for a quick light meal. The caf\u00e9 offers a wide selection of sandwiches, salads, pok\u00e9 and fresh fruit, coffee and drinks.<\/p>\n<p>La Penultima is equipped with toilets, changing rooms and showers with hot and cold water, to provide all guests with a comfortable and pleasant experience by the sea.<\/p>\t\t\t\t\t\t\t\t<\/div>\n\t\t\t\t<\/div>\n\t\t\t\t\t<\/div>\n\t\t\t\t<\/div>\n\t\t<div class=\"elementor-element elementor-element-5c4bfed e-con-full animated-fast e-flex elementor-invisible e-con e-parent\" data-id=\"5c4bfed\" data-element_type=\"container\" data-settings=\"{&quot;animation&quot;:&quot;fadeInUp&quot;}\">\n\t\t\t\t<div class=\"elementor-element elementor-element-f582918 galleria-hover-icon elementor-widget elementor-widget-gallery\" data-id=\"f582918\" data-element_type=\"widget\" data-settings=\"{&quot;gap&quot;:{&quot;unit&quot;:&quot;px&quot;,&quot;size&quot;:0,&quot;sizes&quot;:[]},&quot;aspect_ratio&quot;:&quot;1:1&quot;,&quot;columns_mobile&quot;:2,&quot;gap_tablet&quot;:{&quot;unit&quot;:&quot;px&quot;,&quot;size&quot;:0,&quot;sizes&quot;:[]},&quot;gap_mobile&quot;:{&quot;unit&quot;:&quot;px&quot;,&quot;size&quot;:0,&quot;sizes&quot;:[]},&quot;lazyload&quot;:&quot;yes&quot;,&quot;gallery_layout&quot;:&quot;grid&quot;,&quot;columns&quot;:4,&quot;link_to&quot;:&quot;file&quot;,&quot;overlay_background&quot;:&quot;yes&quot;,&quot;content_hover_animation&quot;:&quot;fade-in&quot;}\" data-widget_type=\"gallery.default\">\n\t\t\t\t<div class=\"elementor-widget-container\">\n\t\t\t\t\t\t\t<div class=\"elementor-gallery__container\">\n\t\t\t\t\t\t\t<a class=\"e-gallery-item elementor-gallery-item elementor-animated-content\" href=\"https:\/\/ultimaspiaggia.com\/2024_v1_dev1\/wp-content\/uploads\/2024\/08\/IMG_1112_1280.jpg\" data-elementor-open-lightbox=\"yes\" data-elementor-lightbox-slideshow=\"f582918\" data-e-action-hash=\"#elementor-action%3Aaction%3Dlightbox%26settings%3DeyJpZCI6MTM1LCJ1cmwiOiJodHRwczpcL1wvdWx0aW1hc3BpYWdnaWEuY29tXC8yMDI0X3YxX2RldjFcL3dwLWNvbnRlbnRcL3VwbG9hZHNcLzIwMjRcLzA4XC9JTUdfMTExMl8xMjgwLmpwZyIsInNsaWRlc2hvdyI6ImY1ODI5MTgifQ%3D%3D\">\n\t\t\t\t\t<div class=\"e-gallery-image elementor-gallery-item__image\" data-thumbnail=\"https:\/\/ultimaspiaggia.com\/2024_v1_dev1\/wp-content\/uploads\/2024\/08\/IMG_1112_1280-768x768.jpg\" data-width=\"768\" data-height=\"768\" aria-label=\"\" role=\"img\" ><\/div>\n\t\t\t\t\t\t\t\t\t\t\t<div class=\"elementor-gallery-item__overlay\"><\/div>\n\t\t\t\t\t\t\t\t\t\t\t\t\t\t<\/a>\n\t\t\t\t\t\t\t<a class=\"e-gallery-item elementor-gallery-item elementor-animated-content\" href=\"https:\/\/ultimaspiaggia.com\/2024_v1_dev1\/wp-content\/uploads\/2024\/08\/l-14_1920x1280.jpg\" data-elementor-open-lightbox=\"yes\" data-elementor-lightbox-slideshow=\"f582918\" data-e-action-hash=\"#elementor-action%3Aaction%3Dlightbox%26settings%3DeyJpZCI6MTM2LCJ1cmwiOiJodHRwczpcL1wvdWx0aW1hc3BpYWdnaWEuY29tXC8yMDI0X3YxX2RldjFcL3dwLWNvbnRlbnRcL3VwbG9hZHNcLzIwMjRcLzA4XC9sLTE0XzE5MjB4MTI4MC5qcGciLCJzbGlkZXNob3ciOiJmNTgyOTE4In0%3D\">\n\t\t\t\t\t<div class=\"e-gallery-image elementor-gallery-item__image\" data-thumbnail=\"https:\/\/ultimaspiaggia.com\/2024_v1_dev1\/wp-content\/uploads\/2024\/08\/l-14_1920x1280-768x512.jpg\" data-width=\"768\" data-height=\"512\" aria-label=\"\" role=\"img\" ><\/div>\n\t\t\t\t\t\t\t\t\t\t\t<div class=\"elementor-gallery-item__overlay\"><\/div>\n\t\t\t\t\t\t\t\t\t\t\t\t\t\t<\/a>\n\t\t\t\t\t\t\t<a class=\"e-gallery-item elementor-gallery-item elementor-animated-content\" href=\"https:\/\/ultimaspiaggia.com\/2024_v1_dev1\/wp-content\/uploads\/2024\/08\/l-21_1920x1280.jpg\" data-elementor-open-lightbox=\"yes\" data-elementor-lightbox-slideshow=\"f582918\" data-e-action-hash=\"#elementor-action%3Aaction%3Dlightbox%26settings%3DeyJpZCI6MTM3LCJ1cmwiOiJodHRwczpcL1wvdWx0aW1hc3BpYWdnaWEuY29tXC8yMDI0X3YxX2RldjFcL3dwLWNvbnRlbnRcL3VwbG9hZHNcLzIwMjRcLzA4XC9sLTIxXzE5MjB4MTI4MC5qcGciLCJzbGlkZXNob3ciOiJmNTgyOTE4In0%3D\">\n\t\t\t\t\t<div class=\"e-gallery-image elementor-gallery-item__image\" data-thumbnail=\"https:\/\/ultimaspiaggia.com\/2024_v1_dev1\/wp-content\/uploads\/2024\/08\/l-21_1920x1280-768x512.jpg\" data-width=\"768\" data-height=\"512\" aria-label=\"\" role=\"img\" ><\/div>\n\t\t\t\t\t\t\t\t\t\t\t<div class=\"elementor-gallery-item__overlay\"><\/div>\n\t\t\t\t\t\t\t\t\t\t\t\t\t\t<\/a>\n\t\t\t\t\t\t\t<a class=\"e-gallery-item elementor-gallery-item elementor-animated-content\" href=\"https:\/\/ultimaspiaggia.com\/2024_v1_dev1\/wp-content\/uploads\/2024\/08\/l-20_1920x1280.jpg\" data-elementor-open-lightbox=\"yes\" data-elementor-lightbox-slideshow=\"f582918\" data-e-action-hash=\"#elementor-action%3Aaction%3Dlightbox%26settings%3DeyJpZCI6MTM4LCJ1cmwiOiJodHRwczpcL1wvdWx0aW1hc3BpYWdnaWEuY29tXC8yMDI0X3YxX2RldjFcL3dwLWNvbnRlbnRcL3VwbG9hZHNcLzIwMjRcLzA4XC9sLTIwXzE5MjB4MTI4MC5qcGciLCJzbGlkZXNob3ciOiJmNTgyOTE4In0%3D\">\n\t\t\t\t\t<div class=\"e-gallery-image elementor-gallery-item__image\" data-thumbnail=\"https:\/\/ultimaspiaggia.com\/2024_v1_dev1\/wp-content\/uploads\/2024\/08\/l-20_1920x1280-768x512.jpg\" data-width=\"768\" data-height=\"512\" aria-label=\"\" role=\"img\" ><\/div>\n\t\t\t\t\t\t\t\t\t\t\t<div class=\"elementor-gallery-item__overlay\"><\/div>\n\t\t\t\t\t\t\t\t\t\t\t\t\t\t<\/a>\n\t\t\t\t\t\t\t<a class=\"e-gallery-item elementor-gallery-item elementor-animated-content\" href=\"https:\/\/ultimaspiaggia.com\/2024_v1_dev1\/wp-content\/uploads\/2024\/08\/p-4_1920x1280.jpg\" data-elementor-open-lightbox=\"yes\" data-elementor-lightbox-slideshow=\"f582918\" data-e-action-hash=\"#elementor-action%3Aaction%3Dlightbox%26settings%3DeyJpZCI6MTM5LCJ1cmwiOiJodHRwczpcL1wvdWx0aW1hc3BpYWdnaWEuY29tXC8yMDI0X3YxX2RldjFcL3dwLWNvbnRlbnRcL3VwbG9hZHNcLzIwMjRcLzA4XC9wLTRfMTkyMHgxMjgwLmpwZyIsInNsaWRlc2hvdyI6ImY1ODI5MTgifQ%3D%3D\">\n\t\t\t\t\t<div class=\"e-gallery-image elementor-gallery-item__image\" data-thumbnail=\"https:\/\/ultimaspiaggia.com\/2024_v1_dev1\/wp-content\/uploads\/2024\/08\/p-4_1920x1280-768x512.jpg\" data-width=\"768\" data-height=\"512\" aria-label=\"\" role=\"img\" ><\/div>\n\t\t\t\t\t\t\t\t\t\t\t<div class=\"elementor-gallery-item__overlay\"><\/div>\n\t\t\t\t\t\t\t\t\t\t\t\t\t\t<\/a>\n\t\t\t\t\t\t\t<a class=\"e-gallery-item elementor-gallery-item elementor-animated-content\" href=\"https:\/\/ultimaspiaggia.com\/2024_v1_dev1\/wp-content\/uploads\/2024\/08\/p-19a_1920x1280.jpg\" data-elementor-open-lightbox=\"yes\" data-elementor-lightbox-slideshow=\"f582918\" data-e-action-hash=\"#elementor-action%3Aaction%3Dlightbox%26settings%3DeyJpZCI6MTQwLCJ1cmwiOiJodHRwczpcL1wvdWx0aW1hc3BpYWdnaWEuY29tXC8yMDI0X3YxX2RldjFcL3dwLWNvbnRlbnRcL3VwbG9hZHNcLzIwMjRcLzA4XC9wLTE5YV8xOTIweDEyODAuanBnIiwic2xpZGVzaG93IjoiZjU4MjkxOCJ9\">\n\t\t\t\t\t<div class=\"e-gallery-image elementor-gallery-item__image\" data-thumbnail=\"https:\/\/ultimaspiaggia.com\/2024_v1_dev1\/wp-content\/uploads\/2024\/08\/p-19a_1920x1280-768x512.jpg\" data-width=\"768\" data-height=\"512\" aria-label=\"\" role=\"img\" ><\/div>\n\t\t\t\t\t\t\t\t\t\t\t<div class=\"elementor-gallery-item__overlay\"><\/div>\n\t\t\t\t\t\t\t\t\t\t\t\t\t\t<\/a>\n\t\t\t\t\t\t\t<a class=\"e-gallery-item elementor-gallery-item elementor-animated-content\" href=\"https:\/\/ultimaspiaggia.com\/2024_v1_dev1\/wp-content\/uploads\/2024\/08\/p-12_1920x1280.jpg\" data-elementor-open-lightbox=\"yes\" data-elementor-lightbox-slideshow=\"f582918\" data-e-action-hash=\"#elementor-action%3Aaction%3Dlightbox%26settings%3DeyJpZCI6MTQxLCJ1cmwiOiJodHRwczpcL1wvdWx0aW1hc3BpYWdnaWEuY29tXC8yMDI0X3YxX2RldjFcL3dwLWNvbnRlbnRcL3VwbG9hZHNcLzIwMjRcLzA4XC9wLTEyXzE5MjB4MTI4MC5qcGciLCJzbGlkZXNob3ciOiJmNTgyOTE4In0%3D\">\n\t\t\t\t\t<div class=\"e-gallery-image elementor-gallery-item__image\" data-thumbnail=\"https:\/\/ultimaspiaggia.com\/2024_v1_dev1\/wp-content\/uploads\/2024\/08\/p-12_1920x1280-768x512.jpg\" data-width=\"768\" data-height=\"512\" aria-label=\"\" role=\"img\" ><\/div>\n\t\t\t\t\t\t\t\t\t\t\t<div class=\"elementor-gallery-item__overlay\"><\/div>\n\t\t\t\t\t\t\t\t\t\t\t\t\t\t<\/a>\n\t\t\t\t\t\t\t<a class=\"e-gallery-item elementor-gallery-item elementor-animated-content\" href=\"https:\/\/ultimaspiaggia.com\/2024_v1_dev1\/wp-content\/uploads\/2024\/08\/p-10_1920x1280.jpg\" data-elementor-open-lightbox=\"yes\" data-elementor-lightbox-slideshow=\"f582918\" data-e-action-hash=\"#elementor-action%3Aaction%3Dlightbox%26settings%3DeyJpZCI6MTQyLCJ1cmwiOiJodHRwczpcL1wvdWx0aW1hc3BpYWdnaWEuY29tXC8yMDI0X3YxX2RldjFcL3dwLWNvbnRlbnRcL3VwbG9hZHNcLzIwMjRcLzA4XC9wLTEwXzE5MjB4MTI4MC5qcGciLCJzbGlkZXNob3ciOiJmNTgyOTE4In0%3D\">\n\t\t\t\t\t<div class=\"e-gallery-image elementor-gallery-item__image\" data-thumbnail=\"https:\/\/ultimaspiaggia.com\/2024_v1_dev1\/wp-content\/uploads\/2024\/08\/p-10_1920x1280-768x512.jpg\" data-width=\"768\" data-height=\"512\" aria-label=\"\" role=\"img\" ><\/div>\n\t\t\t\t\t\t\t\t\t\t\t<div class=\"elementor-gallery-item__overlay\"><\/div>\n\t\t\t\t\t\t\t\t\t\t\t\t\t\t<\/a>\n\t\t\t\t\t<\/div>\n\t\t\t\t\t<\/div>\n\t\t\t\t<\/div>\n\t\t\t\t<\/div>\n\t\t\t\t<\/div>\n\t\t","protected":false},"excerpt":{"rendered":"<p>Enjoying a free beach with the services of Ultimaspiaggia Spending a day at the beach enjoying freedom but also the same care as at Ultima. This is possible at Penultima, a free but equipped beach. Penultima provides daily rental of beach umbrellas and sunbeds, which are positioned by our staff in such a way to [&hellip;]<\/p>\n","protected":false},"author":1,"featured_media":4062,"parent":0,"menu_order":0,"comment_status":"closed","ping_status":"closed","template":"","meta":{"footnotes":""},"class_list":["post-4122","page","type-page","status-publish","has-post-thumbnail","hentry"],"_links":{"self":[{"href":"https:\/\/ultimaspiaggia.com\/en\/wp-json\/wp\/v2\/pages\/4122","targetHints":{"allow":["GET"]}}],"collection":[{"href":"https:\/\/ultimaspiaggia.com\/en\/wp-json\/wp\/v2\/pages"}],"about":[{"href":"https:\/\/ultimaspiaggia.com\/en\/wp-json\/wp\/v2\/types\/page"}],"author":[{"embeddable":true,"href":"https:\/\/ultimaspiaggia.com\/en\/wp-json\/wp\/v2\/users\/1"}],"replies":[{"embeddable":true,"href":"https:\/\/ultimaspiaggia.com\/en\/wp-json\/wp\/v2\/comments?post=4122"}],"version-history":[{"count":3,"href":"https:\/\/ultimaspiaggia.com\/en\/wp-json\/wp\/v2\/pages\/4122\/revisions"}],"predecessor-version":[{"id":4277,"href":"https:\/\/ultimaspiaggia.com\/en\/wp-json\/wp\/v2\/pages\/4122\/revisions\/4277"}],"wp:featuredmedia":[{"embeddable":true,"href":"https:\/\/ultimaspiaggia.com\/en\/wp-json\/wp\/v2\/media\/4062"}],"wp:attachment":[{"href":"https:\/\/ultimaspiaggia.com\/en\/wp-json\/wp\/v2\/media?parent=4122"}],"curies":[{"name":"wp","href":"https:\/\/api.w.org\/{rel}","templated":true}]}}